{"id":1454,"date":"2022-11-18T16:50:59","date_gmt":"2022-11-18T08:50:59","guid":{"rendered":"https:\/\/finegroup.com.tw\/fine\/?post_type=product&#038;p=1454"},"modified":"2025-03-27T15:26:03","modified_gmt":"2025-03-27T07:26:03","slug":"uvr-32g8dr6","status":"publish","type":"product","link":"https:\/\/finegroup.com.tw\/fine\/en\/product\/uvr-32g8dr6\/","title":{"rendered":"UVR-32G8DR6"},"content":{"rendered":"<table width=\"100%\">\n<tbody>\n<tr>\n<td width=\"17%\"><strong>\u578b\u865f<\/strong><\/td>\n<td width=\"25%\">UVR-16G8DR6<\/td>\n<td width=\"28%\">UVR-32G8DR6<\/td>\n<td width=\"28%\">UVR-64G8DR6<\/td>\n<\/tr>\n<tr>\n<td width=\"17%\">IP\u8996\u983b\u8f38\u5165<\/td>\n<td width=\"25%\">16-ch<\/td>\n<td width=\"28%\">32-ch<\/td>\n<td width=\"28%\">64-ch<\/td>\n<\/tr>\n<tr>\n<td width=\"17%\">\u97f3\u8a0a\u8f38\u5165\/\u8f38\u51fa<\/td>\n<td colspan=\"3\" width=\"82%\">RCA 1in\/1out<\/td>\n<\/tr>\n<tr>\n<td width=\"17%\">\u8f38\u5165\u983b\u5bec<\/td>\n<td width=\"25%\">160Mbps<\/td>\n<td colspan=\"2\" width=\"57%\">320Mbps<\/td>\n<\/tr>\n<tr>\n<td width=\"17%\">\u8f38\u51fa\u983b\u5bec<\/td>\n<td colspan=\"3\" width=\"82%\">320Mbps<\/td>\n<\/tr>\n<tr>\n<td width=\"17%\">\u9060\u7aef\u767b\u5165\u6578<\/td>\n<td colspan=\"3\" width=\"82%\">128<\/td>\n<\/tr>\n<tr>\n<td width=\"17%\">\u5354\u8b70<\/td>\n<td colspan=\"3\" width=\"82%\">P2P, UPnP, NTP, DHCP, PPPoE,SSL,TLS,SNMP,HTTPS<\/td>\n<\/tr>\n<tr>\n<td width=\"17%\">HDMI\/VGA\u8f38\u51fa<\/td>\n<td colspan=\"3\" width=\"82%\">HDMI1\/VGA:<\/p>\n<p>1920x1080p \/60Hz, 1920x1080p \/50Hz, 1600&#215;1200 \/60Hz, 1280&#215;1024 \/60Hz, 1280&#215;720 \/60Hz, 1024&#215;768 \/60Hz<\/p>\n<p>HDMI2:<\/p>\n<p>4K (3840&#215;2160) \/60Hz, 4K (3840&#215;2160) \/30Hz, 1920x1080p \/60Hz, 1920x1080p \/50Hz, 1600&#215;1200 \/60Hz, 1280&#215;1024 \/60Hz, 1280&#215;720 \/60Hz, 1024&#215;768 \/60Hz<\/td>\n<\/tr>\n<tr>\n<td width=\"17%\">CVBS\u8f38\u51fa<\/td>\n<td colspan=\"3\" width=\"82%\">1-ch, BNC<\/td>\n<\/tr>\n<tr>\n<td width=\"17%\">\u89e3\u78bc\u80fd\u529b<\/td>\n<td colspan=\"3\" width=\"82%\">12MP\/8MP\/6MP\/5MP\/4MP\/3MP\/1080p\/960p\/720p\/D1\/2CIF\/CIF<\/td>\n<\/tr>\n<tr>\n<td width=\"17%\">\u56de\u653e<\/td>\n<td colspan=\"3\" width=\"82%\">16-ch<\/td>\n<\/tr>\n<tr>\n<td width=\"17%\">\u8d70\u5eca\u6a21\u5f0f\u87a2\u5e55<\/td>\n<td width=\"25%\">3\/4\/5\/7\/9\/10\/12\/16<\/td>\n<td colspan=\"2\" width=\"57%\">3\/4\/5\/7\/9\/10\/12\/16\/32<\/td>\n<\/tr>\n<tr>\n<td width=\"17%\">\u89e3\u78bc\u683c\u5f0f<\/td>\n<td colspan=\"3\" width=\"82%\">Ultra 265, H.265, H.264<\/td>\n<\/tr>\n<tr>\n<td width=\"17%\">\u76f4\u64ad\/\u91cd\u64ad<\/td>\n<td colspan=\"3\" width=\"82%\">12MP\/8MP\/6MP\/5MP\/4MP\/3MP\/1080p\/960p\/720p\/D1\/2CIF\/CIF<\/td>\n<\/tr>\n<tr>\n<td width=\"17%\">\u80fd\u529b<\/td>\n<td colspan=\"3\" width=\"82%\">3 x 12MP@25, 4 x 4K@30, 8 x 4MP@30, 16 x 1080P@30, 32 x 960P@25, 36 x 720P@30, 64 x D1<\/td>\n<\/tr>\n<tr>\n<td width=\"17%\">SATA<\/td>\n<td colspan=\"3\" width=\"82%\">8 \u500bSATA\u4ecb\u9762<\/td>\n<\/tr>\n<tr>\n<td width=\"17%\">\u786c\u789f\u652f\u63f4<\/td>\n<td colspan=\"3\" width=\"82%\">\u6bcf\u9846\u786c\u789f\u53ef\u4ee5\u9054\u523010TB<\/td>\n<\/tr>\n<tr>\n<td width=\"17%\">eSATA<\/td>\n<td colspan=\"3\" width=\"82%\">1\u500b eSATA\u4ecb\u9762<\/td>\n<\/tr>\n<tr>\n<td width=\"17%\">VCA\u5075\u6e2c<\/td>\n<td colspan=\"3\" width=\"82%\">\u81c9\u90e8\u5075\u6e2c, \u5340\u57df\u5165\u4fb5\u5075\u6e2c, \u8d8a\u7dda\u6aa2\u6e2c, \u97f3\u8a0a\u6aa2\u6e2c, \u865b\u7126\u6aa2\u6e2c, \u5834\u666f\u8b8a\u66f4\u6aa2\u6e2c, \u81ea\u52d5\u8ffd\u8e64<\/td>\n<\/tr>\n<tr>\n<td width=\"17%\">VCA\u641c\u7d22<\/td>\n<td colspan=\"3\" width=\"82%\">\u4eba\u81c9\u641c\u7d22, \u884c\u70ba\u641c\u7d22<\/td>\n<\/tr>\n<tr>\n<td width=\"17%\">\u7d71\u8a08\u5206\u6790<\/td>\n<td colspan=\"3\" width=\"82%\">\u4eba\u6578\u7d71\u8a08<\/td>\n<\/tr>\n<tr>\n<td width=\"17%\">\u9663\u5217\u985e\u578b<\/td>\n<td colspan=\"3\" width=\"82%\">RAID 0, 1, 5, 6, 10<\/td>\n<\/tr>\n<tr>\n<td width=\"17%\">\u7db2\u8def\u4ecb\u9762<\/td>\n<td colspan=\"3\" width=\"82%\">2xRJ45 10M\/100M\/1000M self-adaptive Ethernet Interfaces<\/td>\n<\/tr>\n<tr>\n<td width=\"17%\">\u4e32\u806f\u4ecb\u9762<\/td>\n<td colspan=\"3\" width=\"82%\">1 x RS232, 1 x RS485<\/td>\n<\/tr>\n<tr>\n<td width=\"17%\">USB\u4ecb\u9762<\/td>\n<td colspan=\"3\" width=\"82%\">\u524d\u9762\u677f\uff1a 2 x USB2.0,\u5f8c\u9762\u677f\uff1a1 x USB3.0<\/td>\n<\/tr>\n<tr>\n<td width=\"17%\">\u5831\u8b66\u8f38\u5165<\/td>\n<td colspan=\"3\" width=\"82%\">16-ch<\/td>\n<\/tr>\n<tr>\n<td width=\"17%\">\u5831\u8b66\u8f38\u51fa<\/td>\n<td colspan=\"3\" width=\"82%\">4-ch<\/td>\n<\/tr>\n<tr>\n<td width=\"17%\">\u96fb\u6e90\u652f\u63f4<\/td>\n<td colspan=\"3\" width=\"82%\">100 ~ 240 VAC<\/p>\n<p>\u529f\u7387\uff1a\u2264 20 W( \u4e0d\u542bHDD )<\/td>\n<\/tr>\n<tr>\n<td width=\"17%\">\u5de5\u4f5c\u74b0\u5883<\/td>\n<td colspan=\"3\" width=\"82%\">-10\u00b0C ~ + 55\u00b0C ( +14\u00b0F ~ +131\u00b0F )\u6fd5\u5ea6 \u2264 90% RH(\u975e\u51dd\u7d50)<\/td>\n<\/tr>\n<tr>\n<td width=\"17%\">\u5c3a\u5bf8(W\u00d7D\u00d7H)<\/td>\n<td colspan=\"3\" width=\"82%\">442mm \u00d7 425mm \u00d7 86mm (17.4&#8243; \u00d7 16.7&#8243;\u00d7 3.4&#8243;)<\/td>\n<\/tr>\n<tr>\n<td width=\"17%\">\u91cd\u91cf (\u4e0d\u542b\u786c\u789f)<\/td>\n<td colspan=\"3\" width=\"82%\">\u2264 5.13 Kg (11.31 lb )<\/td>\n<\/tr>\n<\/tbody>\n<\/table>\n\n    <div class=\"xs_social_share_widget xs_share_url after_content \t\tmain_content  wslu-style-1 wslu-share-box-shaped wslu-fill-colored wslu-none wslu-share-horizontal wslu-theme-font-no wslu-main_content\">\n\n\t\t\n        <ul>\n\t\t\t        <\/ul>\n    <\/div>","protected":false},"excerpt":{"rendered":"<p><strong>H.265 NVR\u7db2\u8def\u578b\u6578\u4f4d\u9304\u653e\u5f71\u6a5f<\/strong><\/p>\n<p>\u2027\u652f\u63f4Ultra 265\/H.265\/H.264 video\u8996\u8a0a\u58d3\u7e2e\u683c\u5f0f<br \/>\n\u202716\/32\/64 \u8def\u983b\u9053\u8f38\u5165<br \/>\n\u2027IPC\u652f\u63f4 ONVIF \u5354\u5b9a: Profile S, Profile G, Profile C, Profile Q, Profile A, Profile T<br \/>\n\u2027\u652f\u63f42\u500bHDMI\uff0c1\u500b VGA, 1\u500bCVBS, HDMI2 \u53ef\u9054\u52304K(3840&#215;2160)\u89e3\u78bc\u80fd\u529b<br \/>\n\u2027HDMI1\/VGA \u548c HDMI2 \u652f\u6301\u7368\u7acb\u8f38\u51fa<br \/>\n\u2027\u9054\u523012MP\u89e3\u78bc\u80fd\u529b<br \/>\n\u2027\u652f\u63f4RAID 0, 1, 5, 6, 10<br \/>\n\u20278\u500bSATA\u4ecb\u9762 HDD, \u6bcf\u500b\u786c\u789f\u6700\u9ad8\u652f\u63f410T<br \/>\n\u2027\u5728Web\u4ecb\u9762\u548cGUI\u4ecb\u9762\u7684\u5373\u6642\u8ddf\u91cd\u64ad\u90fd\u6709\u591a\u7a2e\u9b5a\u773c\u77ef\u6b63\u6a21\u5f0f<br \/>\n\u2027\u652f\u63f4 N+1\u71b1\u5099\u4efd<br \/>\n\u2027\u652f\u63f412V\u96fb\u6e90\u8f38\u51fa<br \/>\n\u2027\u7576\u7db2\u8def\u9023\u63a5\u65b7\u958b\u6642\uff0cANR\u6280\u8853\u63d0\u9ad8\u5b58\u5132\u53ef\u9760\u6027<br \/>\n\u2027\u652f\u63f4\u96f2\u5347\u7d1a<\/p>","protected":false},"featured_media":1456,"template":"","meta":[],"product_cat":[57,20],"product_tag":[],"_links":{"self":[{"href":"https:\/\/finegroup.com.tw\/fine\/en\/wp-json\/wp\/v2\/product\/1454"}],"collection":[{"href":"https:\/\/finegroup.com.tw\/fine\/en\/wp-json\/wp\/v2\/product"}],"about":[{"href":"https:\/\/finegroup.com.tw\/fine\/en\/wp-json\/wp\/v2\/types\/product"}],"version-history":[{"count":1,"href":"https:\/\/finegroup.com.tw\/fine\/en\/wp-json\/wp\/v2\/product\/1454\/revisions"}],"predecessor-version":[{"id":4208,"href":"https:\/\/finegroup.com.tw\/fine\/en\/wp-json\/wp\/v2\/product\/1454\/revisions\/4208"}],"wp:featuredmedia":[{"embeddable":true,"href":"https:\/\/finegroup.com.tw\/fine\/en\/wp-json\/wp\/v2\/media\/1456"}],"wp:attachment":[{"href":"https:\/\/finegroup.com.tw\/fine\/en\/wp-json\/wp\/v2\/media?parent=1454"}],"wp:term":[{"taxonomy":"product_cat","embeddable":true,"href":"https:\/\/finegroup.com.tw\/fine\/en\/wp-json\/wp\/v2\/product_cat?post=1454"},{"taxonomy":"product_tag","embeddable":true,"href":"https:\/\/finegroup.com.tw\/fine\/en\/wp-json\/wp\/v2\/product_tag?post=1454"}],"curies":[{"name":"wp","href":"https:\/\/api.w.org\/{rel}","templated":true}]}}