{"id":996,"date":"2020-05-29T13:51:33","date_gmt":"2020-05-29T05:51:33","guid":{"rendered":"https:\/\/finegroup.com.tw\/fine\/?post_type=product&#038;p=996"},"modified":"2023-09-19T14:58:19","modified_gmt":"2023-09-19T06:58:19","slug":"lc-171","status":"publish","type":"product","link":"https:\/\/finegroup.com.tw\/fine\/product\/lc-171\/","title":{"rendered":"LC-171"},"content":{"rendered":"<table width=\"624\">\n<tbody>\n<tr>\n<td width=\"218\"><strong>\u578b<\/strong> <strong>\u865f<\/strong><\/td>\n<td width=\"406\"><strong>LC-171<\/strong><\/td>\n<\/tr>\n<tr>\n<td width=\"218\">\u5c3a\u5bf8<\/td>\n<td width=\"406\">200mm \u00d7 86mm \u00d7 80mm (7.9&#8243; \u00d7 3.9&#8243; \u00d7 3.2&#8243;)<\/td>\n<\/tr>\n<tr>\n<td width=\"218\">\u91cd\u91cf<\/td>\n<td width=\"406\">500gr (1.10 lb)<\/td>\n<\/tr>\n<tr>\n<td width=\"218\">\u5075\u6e2c\u65b9\u6cd5<\/td>\n<td width=\"406\">Dual (Four Elements) PIR &amp; Microwave Pulse Doppler<\/td>\n<\/tr>\n<tr>\n<td width=\"218\">\u96fb\u6e90\u8f38\u5165<\/td>\n<td width=\"406\">9.6 to 16Vdc<\/td>\n<\/tr>\n<tr>\n<td width=\"218\">\u6d88\u8017\u96fb\u6d41(\u5f85\u6a5f)<\/td>\n<td width=\"406\">21mA (\u00b15%)<\/td>\n<\/tr>\n<tr>\n<td width=\"218\">\u6d88\u8017\u96fb\u6d41(\u904b\u4f5c)<\/td>\n<td width=\"406\">24mA (\u00b15%)<\/td>\n<\/tr>\n<tr>\n<td width=\"218\">\u5fae\u6ce2\u983b\u7387<\/td>\n<td width=\"406\">24.125 GHz<\/td>\n<\/tr>\n<tr>\n<td width=\"218\">\u9632\u62c6\u958b\u95dc<\/td>\n<td width=\"406\">N.C 28Vdc 0.1 A with 10 Ohm Series \u4e32\u806f\u4fdd\u8b77\u96fb\u963b\u4e00\u500b<\/td>\n<\/tr>\n<tr>\n<td width=\"218\">RF\u6297\u5e72\u64fe\u80fd\u529b<\/td>\n<td width=\"406\">10 V\/m plus 80% AM from 80 MHz to 2GHz<\/td>\n<\/tr>\n<tr>\n<td width=\"218\">\u64cd\u4f5c\u6eab\u5ea6<\/td>\n<td width=\"406\">-35\u00baC ~ +55\u00baC (-31F ~ 131F)<\/td>\n<\/tr>\n<tr>\n<td width=\"218\">\u9632\u6c34\u7cfb\u6578<\/td>\n<td width=\"406\">IP 65<\/td>\n<\/tr>\n<\/tbody>\n<\/table>\n\n    <div class=\"xs_social_share_widget xs_share_url after_content \t\tmain_content  wslu-style-1 wslu-share-box-shaped wslu-fill-colored wslu-none wslu-share-horizontal wslu-theme-font-no wslu-main_content\">\n\n\t\t\n        <ul>\n\t\t\t        <\/ul>\n    <\/div> \n","protected":false},"excerpt":{"rendered":"<p><strong>\u9632\u5bf5\u7269\u5ba4\u5916\u96d9\u9451\u5f0f\u79fb\u52d5\u5075\u6e2c\u5668<\/strong><\/p>\n<p><strong>(<\/strong><strong>\u96d9\u5143\u4ef6\u7d05\u5916\u7dda&amp;\u5fae\u6ce2)<\/strong><\/p>\n<p>LC-171\u662f\u4e00\u6b3e\u6975\u5177\u7279\u6027\u7684\u79fb\u52d5\u5075\u6e2c\u5668\uff0c\u5176\u7d50\u5408\u5229\u7528\u7d05\u5916\u7dda\u548c\u5fae\u6ce2\u6280\u8853\uff0c\u5c08\u70ba\u56b4\u7ae3\u6c23\u5019\u689d\u4ef6\u4e0b\u7684\u5ba4\u5916\u61c9\u7528\u800c\u8a2d\u8a08\u3002\u540c\u6642\u4e5f\u53ef\u4ee5\u63d0\u4f9b\u9632\u5bf5\u7269\u529f\u80fd\u901a\u904e\u7d50\u5408\u96d9\u6280\u8853\u7684\u786c\u9ad4\u548c\u5148\u9032\u7684\u8edf\u9ad4\u6280\u8853\u53ca\u81ea\u9069\u61c9\u7684\u5075\u6e2c\u7bc4\u570d\u63d0\u4f9b\u9ad8\u53ef\u9760\u6027\uff0c\u5f9e\u800c\u5927\u5927\u964d\u4f4e\u4e86\u8aa4\u5831\u7684\u53ef\u80fd\u6027\u3002\u6642\u5c1a\u7684\u786c\u8cea\u5851\u6599\u5916\u578b\uff0c\u5305\u542b\u4e00\u500b\u96d9\u5143\u4ef6PIR\u548c\u4e00\u500b\u5148\u9032\u7684\u5fae\u6ce2\u5075\u6e2c\u5668\u3002<\/p>\n<p>\u2027\u983b\u7387\uff1a24.125 GHz<\/p>\n<p>\u2027\u5fae\u6ce2\u5075\u6e2cDoppler concept<\/p>\n<p>\u2027NO\uff06NC\u7e7c\u96fb\u5668\u540c\u6642\u5207\u63db<\/p>\n<p>\u2027\u5bf5\u7269\u514d\u75ab\u529b\u53ef\u9054 77\u78c5\uff0835\u516c\u65a4\uff09<\/p>\n<p>\u202716\u500b\u7d1a\u5225\u7684\u7d05\u5916\u7dda\u9748\u654f\u5ea6\u8abf\u6574\u548c3\u5fae\u6ce2\u9748\u654f\u5ea6\u7d44<\/p>\n<p>\u2027\u6eab\u5ea6\u88dc\u511f<\/p>\n<p>\u2027\u5fae\u63a7\u5236\u5668\u4fe1\u865f\u8655\u7406<\/p>\n<p>\u2027\u524d\u90e8\u548c\u5f8c\u90e8\u9632\u7be1\u6539\u4fdd\u8b77<\/p>\n<p>\u2027\u8072\u97f3\u6307\u793a\u6b65\u884c\u6e2c\u8a66\u548c\u5165\u4fb5\u6aa2\u6e2c<\/p>\n<p>\u2027\u7368\u7279\u7684\u9632\u6c34\u5bc6\u5c01\u81a0\u8a2d\u8a08<\/p>\n<p>\u2027\u6aa2\u6e2c\u7bc4\u570d\uff1a\u9ad8\u9054 59\u82f1\u5c3a\uff0818\u7c73\uff09<\/p>\n<p>\u2027\u8d70\u8def\u6216\u8dd1\u6b65\u6aa2\u6e2c\u4eba\u985e\u5165\u4fb5\u8005<\/p>\n<p>\u2027\u4fdd\u8b77\u4f86\u81ea\uff1a<br \/>\n\u967d\u5149\u76f4\u5c04\u7684<br \/>\n\u98a8\u529b\u53ef\u905430\u7c73\/\u79d2<br \/>\n\u96ea\u96e8<br \/>\n\u5c0f\u52d5\u7269<br \/>\n\u53bb\u9664\u9802\u84cb\u53ca\u62c6\u9664\u56fa\u5b9a\u652f\u67b6<br \/>\n\u6709\u96e8\u53ca\u9632\u5875<\/p>\n<p>\u2027\u7121\u9700\u7dad\u8b77<\/p>\n<p>\u2027\u9ad8RFI \/ EMI\u6297\u5e72\u64fe<\/p>\n<p>\u2027\u96e8\u6c34\u548c\u9632\u5875\u7b49\u7d1a\uff1aIP65<\/p>\n","protected":false},"featured_media":998,"template":"","meta":[],"product_cat":[65,70,26],"product_tag":[],"_links":{"self":[{"href":"https:\/\/finegroup.com.tw\/fine\/wp-json\/wp\/v2\/product\/996"}],"collection":[{"href":"https:\/\/finegroup.com.tw\/fine\/wp-json\/wp\/v2\/product"}],"about":[{"href":"https:\/\/finegroup.com.tw\/fine\/wp-json\/wp\/v2\/types\/product"}],"version-history":[{"count":1,"href":"https:\/\/finegroup.com.tw\/fine\/wp-json\/wp\/v2\/product\/996\/revisions"}],"predecessor-version":[{"id":4326,"href":"https:\/\/finegroup.com.tw\/fine\/wp-json\/wp\/v2\/product\/996\/revisions\/4326"}],"wp:featuredmedia":[{"embeddable":true,"href":"https:\/\/finegroup.com.tw\/fine\/wp-json\/wp\/v2\/media\/998"}],"wp:attachment":[{"href":"https:\/\/finegroup.com.tw\/fine\/wp-json\/wp\/v2\/media?parent=996"}],"wp:term":[{"taxonomy":"product_cat","embeddable":true,"href":"https:\/\/finegroup.com.tw\/fine\/wp-json\/wp\/v2\/product_cat?post=996"},{"taxonomy":"product_tag","embeddable":true,"href":"https:\/\/finegroup.com.tw\/fine\/wp-json\/wp\/v2\/product_tag?post=996"}],"curies":[{"name":"wp","href":"https:\/\/api.w.org\/{rel}","templated":true}]}}